{"id":1540,"date":"2024-12-17T17:10:47","date_gmt":"2024-12-17T17:10:47","guid":{"rendered":"https:\/\/bcbsoluciones.com\/?page_id=1540"},"modified":"2024-12-17T17:12:58","modified_gmt":"2024-12-17T17:12:58","slug":"quality-control-policy","status":"publish","type":"page","link":"https:\/\/bcbsoluciones.com\/en\/quality-control-policy\/","title":{"rendered":"Quality Control Policy"},"content":{"rendered":"<p>[et_pb_section fb_built=&#8221;1&#8243; _builder_version=&#8221;4.20.4&#8243; background_color=&#8221;#FFFFFF&#8221; custom_padding=&#8221;0px||50px||false|false&#8221; locked=&#8221;off&#8221; global_colors_info=&#8221;{}&#8221;][et_pb_row _builder_version=&#8221;4.20.4&#8243; max_width=&#8221;1400px&#8221; global_colors_info=&#8221;{}&#8221;][et_pb_column type=&#8221;4_4&#8243; _builder_version=&#8221;4.16&#8243; custom_padding=&#8221;30px||30px|&#8221; global_colors_info=&#8221;{}&#8221; custom_padding__hover=&#8221;|||&#8221;][et_pb_text admin_label=&#8221;Title&#8221; _builder_version=&#8221;4.20.4&#8243; text_font=&#8221;Poppins||||||||&#8221; header_font=&#8221;||||||||&#8221; header_text_color=&#8221;#000000&#8243; header_2_font=&#8221;Poppins|500|||||||&#8221; header_2_text_color=&#8221;#000000&#8243; header_2_font_size=&#8221;36px&#8221; header_2_line_height=&#8221;1.2em&#8221; background_layout=&#8221;dark&#8221; max_width=&#8221;750px&#8221; custom_margin=&#8221;||0px|&#8221; animation_style=&#8221;fold&#8221; animation_direction=&#8221;left&#8221; animation_intensity_fold=&#8221;10%&#8221; animation_starting_opacity=&#8221;100%&#8221; global_colors_info=&#8221;{}&#8221;]<\/p>\n<h2>Quality Control Policy<\/h2>\n<p>[\/et_pb_text][et_pb_divider color=&#8221;#49744b&#8221; divider_position=&#8221;center&#8221; divider_weight=&#8221;3px&#8221; _builder_version=&#8221;4.19.5&#8243; max_width=&#8221;50px&#8221; animation_style=&#8221;slide&#8221; animation_direction=&#8221;top&#8221; animation_intensity_slide=&#8221;10%&#8221; animation_starting_opacity=&#8221;100%&#8221; global_colors_info=&#8221;{}&#8221;][\/et_pb_divider][et_pb_text _builder_version=&#8221;4.20.4&#8243; text_font=&#8221;Poppins||||||||&#8221; text_text_color=&#8221;#000000&#8243; text_font_size=&#8221;15px&#8221; text_line_height=&#8221;1.8em&#8221; text_orientation=&#8221;justified&#8221; custom_margin=&#8221;25px|||&#8221; animation_style=&#8221;fold&#8221; animation_direction=&#8221;left&#8221; animation_intensity_fold=&#8221;10%&#8221; animation_starting_opacity=&#8221;100%&#8221; global_colors_info=&#8221;{}&#8221;]<\/p>\n<p><strong>BCB SOLUCIONES LING\u00dcISTICAS GLOBALES, S.L. <\/strong>management applies quality control criteria to all decision-making processes, prioritising these criteria and ensuring they are adapted to the company\u2019s context and objectives, with an emphasis on client satisfaction as a key aspect of its business strategy.<\/p>\n<p>To fulfil these commitments, <strong>BCB SOLUCIONES LING\u00dcISTICAS GLOBALES, S.L. <\/strong>has implemented a Quality Management System that covers the following:<\/p>\n<ul>\n<li>Translation, Sworn Translation, Interpreting and Sworn Interpreting services, in accordance with UNE-EN ISO 9001 standard.<\/li>\n<li>Translation Services, in accordance with UNE-EN ISO 17100 standard.<\/li>\n<\/ul>\n<p>The main aspects of the policy are to:<\/p>\n<ul>\n<li>PROVIDE THE NECESSARY RESOURCES: All employees must be given the necessary means to identify and apply the established levels of quality in their work.<\/li>\n<li>ESTABLISH OBJECTIVES AND PROGRAMMES: Make constant efforts towards continuous improvement, planning medium and long-term objectives to achieve this aim.<\/li>\n<li>PROMOTE INNOVATION AND DEVELOPMENT: Include high levels of innovation when developing and providing services in a permanent system of continuous improvement.<\/li>\n<li>GUARANTEE CLIENT SATISFACTION: Achieve client satisfaction by fulfilling the requirements of the services they have contracted and their intended use, and complying with any other established requirements, with an understanding that delivering work within the agreed deadline and optimising costs are key aspects of project management.<\/li>\n<li>PREVENT ERRORS: Correct any non-conformities that may arise and emphasise prevention so that they are not repeated.<\/li>\n<li>COMPLY WITH LEGAL REQUIREMENTS AND COMMITMENTS, AND RESPECT ETHICS AND VALUES<em>: <\/em>Be constantly aware of complying with legislation and commitments, and meeting clients\u2019 requirements and expectations; request that collaborators and suppliers also comply with these principles.<\/li>\n<li>ENCOURAGE STAFF INVOLVEMENT: Create a collaborative atmosphere among staff so that they are jointly committed to a common goal and improve strategies that support team-work, individual recognition and suggestions for improvement, encouraging a responsible approach through awareness and training.<\/li>\n<li>PROVIDE INFORMATION ON PERFORMANCE RESULTS IN THE AREA OF QUALITY CONTROL.<\/li>\n<\/ul>\n<p>These principles of the Policy have been established and disseminated by Management and they should be undertaken and implemented by all staff as one team. It will be updated and available on the company server, and shared with interested third parties (clients, external collaborators, etc.)<\/p>\n<p>The Management<\/p>\n<p>March 2023<\/p>\n<p>&nbsp;<\/p>\n<p>[\/et_pb_text][\/et_pb_column][\/et_pb_row][\/et_pb_section][et_pb_section fb_built=&#8221;1&#8243; custom_padding_last_edited=&#8221;on|phone&#8221; admin_label=&#8221;Footer Section&#8221; _builder_version=&#8221;4.21.0&#8243; background_color=&#8221;#1d2026&#8243; custom_padding=&#8221;30px||20px||false|false&#8221; custom_padding_tablet=&#8221;30px||20px||false|false&#8221; custom_padding_phone=&#8221;10px||0px||false|false&#8221; saved_tabs=&#8221;all&#8221; locked=&#8221;off&#8221; global_colors_info=&#8221;{}&#8221;][et_pb_row column_structure=&#8221;1_3,1_3,1_3&#8243; admin_label=&#8221;Footer Area&#8221; _builder_version=&#8221;4.20.4&#8243; global_colors_info=&#8221;{}&#8221;][et_pb_column type=&#8221;1_3&#8243; _builder_version=&#8221;4.16&#8243; custom_padding=&#8221;|||&#8221; global_colors_info=&#8221;{}&#8221; custom_padding__hover=&#8221;|||&#8221;][et_pb_image src=&#8221;https:\/\/bcbsoluciones.wpengine.com\/wp-content\/uploads\/2023\/04\/logo-negativo-e1681215129759.png&#8221; alt=&#8221;logo negativo&#8221; title_text=&#8221;logo negativo&#8221; url=&#8221;@ET-DC@eyJkeW5hbWljIjp0cnVlLCJjb250ZW50IjoiaG9tZV91cmwiLCJzZXR0aW5ncyI6e319@&#8221; align_tablet=&#8221;&#8221; align_phone=&#8221;left&#8221; align_last_edited=&#8221;on|phone&#8221; _builder_version=&#8221;4.20.4&#8243; _dynamic_attributes=&#8221;url&#8221; _module_preset=&#8221;default&#8221; width=&#8221;50%&#8221; width_tablet=&#8221;35%&#8221; width_phone=&#8221;55%&#8221; width_last_edited=&#8221;on|tablet&#8221; global_colors_info=&#8221;{}&#8221;][\/et_pb_image][et_pb_image src=&#8221;https:\/\/bcbsoluciones.com\/wp-content\/uploads\/2023\/04\/iso9001.png&#8221; alt=&#8221;logo negativo&#8221; title_text=&#8221;iso9001&#8243; align_phone=&#8221;center&#8221; align_last_edited=&#8221;off|phone&#8221; module_class=&#8221;logo_footer&#8221; _builder_version=&#8221;4.20.4&#8243; _module_preset=&#8221;default&#8221; width=&#8221;25%&#8221; width_tablet=&#8221;15%&#8221; width_phone=&#8221;25%&#8221; width_last_edited=&#8221;on|phone&#8221; global_colors_info=&#8221;{}&#8221;][\/et_pb_image][et_pb_image src=&#8221;https:\/\/bcbsoluciones.com\/wp-content\/uploads\/2023\/04\/iso17100.png&#8221; alt=&#8221;logo negativo&#8221; title_text=&#8221;iso17100&#8243; module_class=&#8221;logo_footer&#8221; _builder_version=&#8221;4.20.4&#8243; _module_preset=&#8221;default&#8221; width=&#8221;25%&#8221; width_tablet=&#8221;15%&#8221; width_phone=&#8221;25%&#8221; width_last_edited=&#8221;on|phone&#8221; global_colors_info=&#8221;{}&#8221;][\/et_pb_image][et_pb_image src=&#8221;https:\/\/bcbsoluciones.com\/wp-content\/uploads\/2024\/09\/Logo-ANETI-Asociacion-Nacional-Empresas-Traduccion.png&#8221; alt=&#8221;Asociaci\u00f3n nacional de empresas de traducci\u00f3n&#8221; title_text=&#8221;Miembros de la Asociaci\u00f3n nacional de empresas de traducci\u00f3n&#8221; url=&#8221;@ET-DC@eyJkeW5hbWljIjp0cnVlLCJjb250ZW50IjoiaG9tZV91cmwiLCJzZXR0aW5ncyI6e319@&#8221; align_tablet=&#8221;&#8221; align_phone=&#8221;left&#8221; align_last_edited=&#8221;on|phone&#8221; _builder_version=&#8221;4.21.0&#8243; _dynamic_attributes=&#8221;url&#8221; _module_preset=&#8221;default&#8221; width=&#8221;50%&#8221; width_tablet=&#8221;35%&#8221; width_phone=&#8221;55%&#8221; width_last_edited=&#8221;on|tablet&#8221; global_colors_info=&#8221;{}&#8221;][\/et_pb_image][\/et_pb_column][et_pb_column type=&#8221;1_3&#8243; _builder_version=&#8221;4.16&#8243; custom_padding=&#8221;|||&#8221; global_colors_info=&#8221;{}&#8221; custom_padding__hover=&#8221;|||&#8221;][et_pb_text _builder_version=&#8221;4.21.0&#8243; _module_preset=&#8221;default&#8221; text_font=&#8221;Poppins||||||||&#8221; text_text_color=&#8221;#FFFFFF&#8221; text_line_height=&#8221;1.3em&#8221; text_font_size_tablet=&#8221;&#8221; text_font_size_phone=&#8221;15px&#8221; text_font_size_last_edited=&#8221;on|phone&#8221; locked=&#8221;off&#8221; global_colors_info=&#8221;{}&#8221;]<\/p>\n<p><span style=\"color: #ffffff;\"><a style=\"color: #ffffff;\" href=\"\/en\/\">Home<\/a><\/span><\/p>\n<p><a href=\"\/en\/about-us\/\"><span style=\"color: #ffffff;\">About us<\/span><\/a><\/p>\n<p><a href=\"\/en\/specialised-translation\/\"><span style=\"color: #ffffff;\">Specialised translation<\/span><\/a><\/p>\n<p><a href=\"\/en\/interpreting\/\"><span style=\"color: #ffffff;\">Interpreting<\/span><\/a><\/p>\n<p><a href=\"\/en\/sworn-translation\/\"><span style=\"color: #ffffff;\">Sworn translation<\/span><\/a><\/p>\n<p><a href=\"\/en\/proofreading-and-language-consultancy\/\"><span style=\"color: #ffffff;\">Proofreading and language consultancy<\/span><\/a><\/p>\n<p><a href=\"\/en\/subtitling\/\"><span style=\"color: #ffffff;\">Subtitling<\/span><\/a><\/p>\n<p><a href=\"\/en\/transcription\/\"><span style=\"color: #ffffff;\">Transcription<\/span><\/a><\/p>\n<p><a href=\"\/en\/blog\/\"><span style=\"color: #ffffff;\">Blog<\/span><\/a><\/p>\n<p><a href=\"\/en\/contact\/\"><span style=\"color: #ffffff;\">Contact<\/span><\/a><\/p>\n<p>[\/et_pb_text][\/et_pb_column][et_pb_column type=&#8221;1_3&#8243; _builder_version=&#8221;4.16&#8243; custom_padding=&#8221;|||&#8221; global_colors_info=&#8221;{}&#8221; custom_padding__hover=&#8221;|||&#8221;][et_pb_blurb title=&#8221;Infanta Mercedes, 92, 5\u00aa planta, oficina 505, 28020 Madrid&#8221; url=&#8221;https:\/\/goo.gl\/maps\/NyhVECyPWgrawtsx8&#8243; url_new_window=&#8221;on&#8221; use_icon=&#8221;on&#8221; font_icon=&#8221;&#xe081;||divi||400&#8243; icon_color=&#8221;#FFFFFF&#8221; icon_placement=&#8221;left&#8221; image_icon_width=&#8221;24px&#8221; image_icon_width_tablet=&#8221;&#8221; image_icon_width_phone=&#8221;20px&#8221; image_icon_width_last_edited=&#8221;on|phone&#8221; _builder_version=&#8221;4.20.4&#8243; _module_preset=&#8221;default&#8221; header_font=&#8221;Poppins||||||||&#8221; header_text_color=&#8221;#FFFFFF&#8221; header_font_size=&#8221;14px&#8221; custom_margin=&#8221;||||false|false&#8221; custom_margin_tablet=&#8221;-10px|100px|||false|false&#8221; custom_margin_phone=&#8221;|0px|||false|false&#8221; custom_margin_last_edited=&#8221;on|phone&#8221; custom_padding=&#8221;||||false|false&#8221; header_font_size_tablet=&#8221;&#8221; header_font_size_phone=&#8221;14px&#8221; header_font_size_last_edited=&#8221;on|phone&#8221; global_colors_info=&#8221;{}&#8221;][\/et_pb_blurb][et_pb_blurb title=&#8221;bcb@bcbsoluciones.com&#8221; url=&#8221;mailto:bcb@bcbsoluciones.com&#8221; url_new_window=&#8221;on&#8221; use_icon=&#8221;on&#8221; font_icon=&#8221;&#xf0e0;||fa||900&#8243; icon_color=&#8221;#FFFFFF&#8221; icon_placement=&#8221;left&#8221; image_icon_width=&#8221;24px&#8221; image_icon_width_tablet=&#8221;&#8221; image_icon_width_phone=&#8221;20px&#8221; image_icon_width_last_edited=&#8221;on|phone&#8221; _builder_version=&#8221;4.20.4&#8243; _module_preset=&#8221;default&#8221; header_font=&#8221;Poppins||||||||&#8221; header_text_color=&#8221;#FFFFFF&#8221; header_font_size=&#8221;14px&#8221; custom_margin=&#8221;||||false|false&#8221; custom_margin_tablet=&#8221;-10px|100px|||false|false&#8221; custom_margin_phone=&#8221;|0px|||false|false&#8221; custom_margin_last_edited=&#8221;on|phone&#8221; custom_padding=&#8221;||||false|false&#8221; header_font_size_tablet=&#8221;&#8221; header_font_size_phone=&#8221;14px&#8221; header_font_size_last_edited=&#8221;on|phone&#8221; global_colors_info=&#8221;{}&#8221;][\/et_pb_blurb][et_pb_blurb title=&#8221;+34 91 567 19 92&#8243; url=&#8221;tel:915671992&#8243; url_new_window=&#8221;on&#8221; use_icon=&#8221;on&#8221; font_icon=&#8221;&#xe090;||divi||400&#8243; icon_color=&#8221;#FFFFFF&#8221; icon_placement=&#8221;left&#8221; image_icon_width=&#8221;24px&#8221; image_icon_width_tablet=&#8221;&#8221; image_icon_width_phone=&#8221;20px&#8221; image_icon_width_last_edited=&#8221;on|phone&#8221; _builder_version=&#8221;4.20.4&#8243; _module_preset=&#8221;default&#8221; header_font=&#8221;Poppins||||||||&#8221; header_text_color=&#8221;#FFFFFF&#8221; header_font_size=&#8221;14px&#8221; custom_margin=&#8221;||||false|false&#8221; custom_margin_tablet=&#8221;-10px|100px|||false|false&#8221; custom_margin_phone=&#8221;|0px|||false|false&#8221; custom_margin_last_edited=&#8221;on|phone&#8221; custom_padding=&#8221;||||false|false&#8221; header_font_size_tablet=&#8221;&#8221; header_font_size_phone=&#8221;14px&#8221; header_font_size_last_edited=&#8221;on|phone&#8221; global_colors_info=&#8221;{}&#8221;][\/et_pb_blurb][et_pb_blurb title=&#8221;Hours: 9:00 &#8211; 18:00 from Monday to Friday&#8221; url_new_window=&#8221;on&#8221; use_icon=&#8221;on&#8221; font_icon=&#8221;&#xe06b;||divi||400&#8243; icon_color=&#8221;#FFFFFF&#8221; icon_placement=&#8221;left&#8221; image_icon_width=&#8221;24px&#8221; image_icon_width_tablet=&#8221;&#8221; image_icon_width_phone=&#8221;20px&#8221; image_icon_width_last_edited=&#8221;on|phone&#8221; _builder_version=&#8221;4.20.4&#8243; _module_preset=&#8221;default&#8221; header_font=&#8221;Poppins||||||||&#8221; header_text_color=&#8221;#FFFFFF&#8221; header_font_size=&#8221;14px&#8221; custom_margin=&#8221;||||false|false&#8221; custom_margin_tablet=&#8221;-10px|100px|||false|false&#8221; custom_margin_phone=&#8221;|0px|||false|false&#8221; custom_margin_last_edited=&#8221;on|phone&#8221; custom_padding=&#8221;||||false|false&#8221; header_font_size_tablet=&#8221;&#8221; header_font_size_phone=&#8221;14px&#8221; header_font_size_last_edited=&#8221;on|phone&#8221; global_colors_info=&#8221;{}&#8221;][\/et_pb_blurb][\/et_pb_column][\/et_pb_row][et_pb_row custom_padding_last_edited=&#8221;on|phone&#8221; disabled_on=&#8221;off|off|off&#8221; admin_label=&#8221;Social Media&#8221; _builder_version=&#8221;4.20.4&#8243; custom_margin=&#8221;30px||||false|false&#8221; custom_margin_tablet=&#8221;0px||||false|false&#8221; custom_margin_phone=&#8221;0px||||false|false&#8221; custom_margin_last_edited=&#8221;on|desktop&#8221; custom_padding=&#8221;0px||||false|false&#8221; custom_padding_tablet=&#8221;0px||||false|false&#8221; custom_padding_phone=&#8221;&#8221; global_colors_info=&#8221;{}&#8221;][et_pb_column type=&#8221;4_4&#8243; _builder_version=&#8221;4.16&#8243; custom_padding=&#8221;|||&#8221; global_colors_info=&#8221;{}&#8221; custom_padding__hover=&#8221;|||&#8221;][et_pb_text _builder_version=&#8221;4.21.0&#8243; _module_preset=&#8221;default&#8221; text_font=&#8221;Poppins||||||||&#8221; text_text_color=&#8221;#FFFFFF&#8221; text_font_size=&#8221;13px&#8221; header_text_color=&#8221;#FFFFFF&#8221; text_orientation=&#8221;center&#8221; custom_margin_tablet=&#8221;&#8221; custom_margin_phone=&#8221;||||false|false&#8221; custom_margin_last_edited=&#8221;on|phone&#8221; text_font_size_tablet=&#8221;&#8221; text_font_size_phone=&#8221;12px&#8221; text_font_size_last_edited=&#8221;on|phone&#8221; locked=&#8221;off&#8221; global_colors_info=&#8221;{}&#8221;]<span style=\"color: #ffffff;\">BCB <span style=\"text-decoration: underline;\"><a style=\"color: #ffffff; text-decoration: underline;\" href=\"https:\/\/bcbsoluciones.com\/en\/\" target=\"_blank\" rel=\"noopener\">Professional translation services<\/a><\/span> | <a style=\"color: #ffffff;\" href=\"\/en\/legal-notice\/\">Legal notice\u00a0<\/a>|\u00a0<a style=\"color: #ffffff;\" href=\"\/en\/politica-de-privacidad\/\">Privacy Policy<\/a>\u00a0|\u00a0<a style=\"color: #ffffff;\" href=\"\/en\/cookie-policy\/\">Cookie policy<\/a>\u00a0|\u00a0<a style=\"color: #ffffff;\" href=\"\/en\/politica-calidad\/\" data-wplink-url-error=\"true\">Quality Control Policy<\/a><\/span>[\/et_pb_text][\/et_pb_column][\/et_pb_row][\/et_pb_section]<\/p>\n","protected":false},"excerpt":{"rendered":"<p>Quality Control PolicyBCB SOLUCIONES LING\u00dcISTICAS GLOBALES, S.L. management applies quality control criteria to all decision-making processes, prioritising these criteria and ensuring they are adapted to the company\u2019s context and objectives, with an emphasis on client satisfaction as a key aspect of its business strategy. To fulfil these commitments, BCB SOLUCIONES LING\u00dcISTICAS GLOBALES, S.L. has implemented [&hellip;]<\/p>\n","protected":false},"author":2,"featured_media":0,"parent":0,"menu_order":0,"comment_status":"closed","ping_status":"closed","template":"","meta":{"_et_pb_use_builder":"on","_et_pb_old_content":"","_et_gb_content_width":"","footnotes":""},"class_list":["post-1540","page","type-page","status-publish","hentry"],"yoast_head":"<!-- This site is optimized with the Yoast SEO plugin v27.3 - https:\/\/yoast.com\/product\/yoast-seo-wordpress\/ -->\n<title>Quality Control Policy - BCB Soluciones<\/title>\n<meta name=\"robots\" content=\"index, follow, max-snippet:-1, max-image-preview:large, max-video-preview:-1\" \/>\n<link rel=\"canonical\" href=\"https:\/\/bcbsoluciones.com\/en\/quality-control-policy\/\" \/>\n<meta property=\"og:locale\" content=\"en_US\" \/>\n<meta property=\"og:type\" content=\"article\" \/>\n<meta property=\"og:title\" content=\"Quality Control Policy - BCB Soluciones\" \/>\n<meta property=\"og:description\" content=\"Quality Control PolicyBCB SOLUCIONES LING\u00dcISTICAS GLOBALES, S.L. management applies quality control criteria to all decision-making processes, prioritising these criteria and ensuring they are adapted to the company\u2019s context and objectives, with an emphasis on client satisfaction as a key aspect of its business strategy. To fulfil these commitments, BCB SOLUCIONES LING\u00dcISTICAS GLOBALES, S.L. has implemented [&hellip;]\" \/>\n<meta property=\"og:url\" content=\"https:\/\/bcbsoluciones.com\/en\/quality-control-policy\/\" \/>\n<meta property=\"og:site_name\" content=\"Traductores BCB Soluciones\" \/>\n<meta property=\"article:modified_time\" content=\"2024-12-17T17:12:58+00:00\" \/>\n<meta name=\"twitter:card\" content=\"summary_large_image\" \/>\n<meta name=\"twitter:label1\" content=\"Est. reading time\" \/>\n\t<meta name=\"twitter:data1\" content=\"3 minutes\" \/>\n<script type=\"application\/ld+json\" class=\"yoast-schema-graph\">{\"@context\":\"https:\\\/\\\/schema.org\",\"@graph\":[{\"@type\":\"WebPage\",\"@id\":\"https:\\\/\\\/bcbsoluciones.com\\\/en\\\/quality-control-policy\\\/\",\"url\":\"https:\\\/\\\/bcbsoluciones.com\\\/en\\\/quality-control-policy\\\/\",\"name\":\"Quality Control Policy - BCB Soluciones\",\"isPartOf\":{\"@id\":\"https:\\\/\\\/bcbsoluciones.com\\\/en\\\/#website\"},\"datePublished\":\"2024-12-17T17:10:47+00:00\",\"dateModified\":\"2024-12-17T17:12:58+00:00\",\"breadcrumb\":{\"@id\":\"https:\\\/\\\/bcbsoluciones.com\\\/en\\\/quality-control-policy\\\/#breadcrumb\"},\"inLanguage\":\"en-US\",\"potentialAction\":[{\"@type\":\"ReadAction\",\"target\":[\"https:\\\/\\\/bcbsoluciones.com\\\/en\\\/quality-control-policy\\\/\"]}]},{\"@type\":\"BreadcrumbList\",\"@id\":\"https:\\\/\\\/bcbsoluciones.com\\\/en\\\/quality-control-policy\\\/#breadcrumb\",\"itemListElement\":[{\"@type\":\"ListItem\",\"position\":1,\"name\":\"Portada\",\"item\":\"https:\\\/\\\/bcbsoluciones.com\\\/en\\\/\"},{\"@type\":\"ListItem\",\"position\":2,\"name\":\"Quality Control Policy\"}]},{\"@type\":\"WebSite\",\"@id\":\"https:\\\/\\\/bcbsoluciones.com\\\/en\\\/#website\",\"url\":\"https:\\\/\\\/bcbsoluciones.com\\\/en\\\/\",\"name\":\"Traductores BCB Soluciones\",\"description\":\"\",\"potentialAction\":[{\"@type\":\"SearchAction\",\"target\":{\"@type\":\"EntryPoint\",\"urlTemplate\":\"https:\\\/\\\/bcbsoluciones.com\\\/en\\\/?s={search_term_string}\"},\"query-input\":{\"@type\":\"PropertyValueSpecification\",\"valueRequired\":true,\"valueName\":\"search_term_string\"}}],\"inLanguage\":\"en-US\"}]}<\/script>\n<!-- \/ Yoast SEO plugin. -->","yoast_head_json":{"title":"Quality Control Policy - BCB Soluciones","robots":{"index":"index","follow":"follow","max-snippet":"max-snippet:-1","max-image-preview":"max-image-preview:large","max-video-preview":"max-video-preview:-1"},"canonical":"https:\/\/bcbsoluciones.com\/en\/quality-control-policy\/","og_locale":"en_US","og_type":"article","og_title":"Quality Control Policy - BCB Soluciones","og_description":"Quality Control PolicyBCB SOLUCIONES LING\u00dcISTICAS GLOBALES, S.L. management applies quality control criteria to all decision-making processes, prioritising these criteria and ensuring they are adapted to the company\u2019s context and objectives, with an emphasis on client satisfaction as a key aspect of its business strategy. To fulfil these commitments, BCB SOLUCIONES LING\u00dcISTICAS GLOBALES, S.L. has implemented [&hellip;]","og_url":"https:\/\/bcbsoluciones.com\/en\/quality-control-policy\/","og_site_name":"Traductores BCB Soluciones","article_modified_time":"2024-12-17T17:12:58+00:00","twitter_card":"summary_large_image","twitter_misc":{"Est. reading time":"3 minutes"},"schema":{"@context":"https:\/\/schema.org","@graph":[{"@type":"WebPage","@id":"https:\/\/bcbsoluciones.com\/en\/quality-control-policy\/","url":"https:\/\/bcbsoluciones.com\/en\/quality-control-policy\/","name":"Quality Control Policy - BCB Soluciones","isPartOf":{"@id":"https:\/\/bcbsoluciones.com\/en\/#website"},"datePublished":"2024-12-17T17:10:47+00:00","dateModified":"2024-12-17T17:12:58+00:00","breadcrumb":{"@id":"https:\/\/bcbsoluciones.com\/en\/quality-control-policy\/#breadcrumb"},"inLanguage":"en-US","potentialAction":[{"@type":"ReadAction","target":["https:\/\/bcbsoluciones.com\/en\/quality-control-policy\/"]}]},{"@type":"BreadcrumbList","@id":"https:\/\/bcbsoluciones.com\/en\/quality-control-policy\/#breadcrumb","itemListElement":[{"@type":"ListItem","position":1,"name":"Portada","item":"https:\/\/bcbsoluciones.com\/en\/"},{"@type":"ListItem","position":2,"name":"Quality Control Policy"}]},{"@type":"WebSite","@id":"https:\/\/bcbsoluciones.com\/en\/#website","url":"https:\/\/bcbsoluciones.com\/en\/","name":"Traductores BCB Soluciones","description":"","potentialAction":[{"@type":"SearchAction","target":{"@type":"EntryPoint","urlTemplate":"https:\/\/bcbsoluciones.com\/en\/?s={search_term_string}"},"query-input":{"@type":"PropertyValueSpecification","valueRequired":true,"valueName":"search_term_string"}}],"inLanguage":"en-US"}]}},"_links":{"self":[{"href":"https:\/\/bcbsoluciones.com\/en\/wp-json\/wp\/v2\/pages\/1540","targetHints":{"allow":["GET"]}}],"collection":[{"href":"https:\/\/bcbsoluciones.com\/en\/wp-json\/wp\/v2\/pages"}],"about":[{"href":"https:\/\/bcbsoluciones.com\/en\/wp-json\/wp\/v2\/types\/page"}],"author":[{"embeddable":true,"href":"https:\/\/bcbsoluciones.com\/en\/wp-json\/wp\/v2\/users\/2"}],"replies":[{"embeddable":true,"href":"https:\/\/bcbsoluciones.com\/en\/wp-json\/wp\/v2\/comments?post=1540"}],"version-history":[{"count":0,"href":"https:\/\/bcbsoluciones.com\/en\/wp-json\/wp\/v2\/pages\/1540\/revisions"}],"wp:attachment":[{"href":"https:\/\/bcbsoluciones.com\/en\/wp-json\/wp\/v2\/media?parent=1540"}],"curies":[{"name":"wp","href":"https:\/\/api.w.org\/{rel}","templated":true}]}}